{"id":6,"date":"2024-06-03T15:18:48","date_gmt":"2024-06-03T13:18:48","guid":{"rendered":"http:\/\/www.harmoniebike.com\/?page_id=6"},"modified":"2024-06-18T23:52:58","modified_gmt":"2024-06-18T21:52:58","slug":"politique-de-confidentialite-2","status":"publish","type":"page","link":"https:\/\/www.harmoniebike.com\/index.php\/politique-de-confidentialite-2\/","title":{"rendered":"Politique de confidentialit\u00e9"},"content":{"rendered":"\n<p><\/p>\n\n\n\n<p class=\"has-text-align-center has-large-font-size\"><strong><u>Politique de confidentialit\u00e9<\/u><\/strong><\/p>\n\n\n\n<p class=\"has-text-align-center\">Mise \u00e0 jour 17\/06\/2024<\/p>\n\n\n\n<p class=\"has-large-font-size\">1 Coordonn\u00e9es de la soci\u00e9t\u00e9<\/p>\n\n\n\n<p>SAS Harmonie Bike<\/p>\n\n\n\n<p>14 rue Fran\u00e7aise<\/p>\n\n\n\n<p>91430 Vauhallan France<\/p>\n\n\n\n<p>Siret&nbsp;: 914646104<\/p>\n\n\n\n<p>Repr\u00e9sententl\u00e9gal&nbsp;: J\u00e9r\u00e9my Sainte Cluque<\/p>\n\n\n\n<p>La soci\u00e9t\u00e9 Harmonie Bike assume pleinement la responsabilit\u00e9 de la gestion de vos donn\u00e9es, et s\u2019engage \u00e0 garantir la s\u00e9curisation optimale.<\/p>\n\n\n\n<p><\/p>\n\n\n\n<p><\/p>\n\n\n\n<p class=\"has-large-font-size\">2 Base l\u00e9gale de la collecte des donn\u00e9es<\/p>\n\n\n\n<p>La base l\u00e9gale de la collecte de vos donn\u00e9es est le consentement par l\u2019acceptation des conditions g\u00e9n\u00e9rales de vente et par la contractualisation lors de votre inscription \u00e0 l\u2019application Harmonie Bike.<\/p>\n\n\n\n<p><\/p>\n\n\n\n<p><\/p>\n\n\n\n<p class=\"has-text-align-left has-large-font-size\">3 A quelle fin vos donn\u00e9es sont collect\u00e9es<\/p>\n\n\n\n<p>Toutes les informations que nous recueillions de votre part sont et peuvent \u00eatre utilis\u00e9es pour&nbsp;:<\/p>\n\n\n\n<ul class=\"wp-block-list\">\n<li>Vous garantir une exp\u00e9rience pleine et sereine de l\u2019application Harmonie Bike.<\/li>\n\n\n\n<li>Personnaliser votre exp\u00e9rience et r\u00e9pondre \u00e0 vos besoins individuels.<\/li>\n\n\n\n<li>Collecter des informations nous permettant de d\u00e9velopper l\u2019application Harmonie Bike.<\/li>\n\n\n\n<li>Vous contacter le cas \u00e9ch\u00e9ant.<\/li>\n<\/ul>\n\n\n\n<p><\/p>\n\n\n\n<p><\/p>\n\n\n\n<p class=\"has-large-font-size\">4 Comment vos donn\u00e9es sont collect\u00e9es et quelles sont les donn\u00e9es collect\u00e9es<\/p>\n\n\n\n<p>Nous recueillons les informations lorsque vous vous inscrivez \u00e0 l\u2019application Harmonie Bike et lors de l\u2019utilisation de cette derni\u00e8re, les informations collect\u00e9es sont&nbsp;:<\/p>\n\n\n\n<p>&#8211; Email<\/p>\n\n\n\n<p>&#8211; Date de naissance<\/p>\n\n\n\n<p>&#8211; T\u00e9l\u00e9phone<\/p>\n\n\n\n<p>&#8211; Date de permis<\/p>\n\n\n\n<p>&#8211; Donn\u00e9es de g\u00e9olocalisation<\/p>\n\n\n\n<p><\/p>\n\n\n\n<p><\/p>\n\n\n\n<p class=\"has-large-font-size\">5 Destinataire des donn\u00e9es<\/p>\n\n\n\n<p>La soci\u00e9t\u00e9 Harmonie Bike est le seul propri\u00e9taire des informations recueillies sur notre application. Vos informations personnelles ne seront en aucun cas, vendues, \u00e9chang\u00e9es, transf\u00e9r\u00e9es ou donn\u00e9es \u00e0 une autre soci\u00e9t\u00e9 sans votre consentement.<\/p>\n\n\n\n<p><\/p>\n\n\n\n<p><\/p>\n\n\n\n<p class=\"has-large-font-size\">6 Dur\u00e9e de conservation des donn\u00e9es<\/p>\n\n\n\n<p>La dur\u00e9e de conservation de vos donn\u00e9es reste en cours tant que vous \u00eates contractualis\u00e9 \u00e0 l\u2019application Harmonie Bike. La dur\u00e9e de conservation ne d\u00e9passera pas 1 an apr\u00e8s la suppression de votre compte de l\u2019application Harmonie Bike.<\/p>\n\n\n\n<p><\/p>\n\n\n\n<p><\/p>\n\n\n\n<p class=\"has-large-font-size\">7 Utilisation des donn\u00e9es<\/p>\n\n\n\n<p>Harmonie Bike s\u2019engage \u00e0 ne pas divulguer ou vendre vos donn\u00e9es \u00e0 un tiers pour des raisons commerciales ou toute autre raison, seul Harmonie Bike a le droit par votre consentement et votre contractualisation \u00e0 utiliser vos donn\u00e9es.<\/p>\n\n\n\n<p><\/p>\n\n\n\n<p><\/p>\n\n\n\n<p class=\"has-large-font-size\">8 Vos droits<\/p>\n\n\n\n<p>Vos droits concernant vos donn\u00e9es sont&nbsp;:<\/p>\n\n\n\n<p>Un droit d\u2019acc\u00e8s \u00e0 vos donn\u00e9es sous r\u00e9serve d\u2019une demande au pr\u00e9alable.<\/p>\n\n\n\n<p>Un Droit de rectification de vos donn\u00e9es sous r\u00e9serve d\u2019une demande au pr\u00e9alable.<\/p>\n\n\n\n<p>Un droit d\u2019effacement de vos donn\u00e9es sous r\u00e9serve d\u2019une demande au pr\u00e9alable.<\/p>\n\n\n\n<p>Un droit de limitation du traitement de vos donn\u00e9es sous r\u00e9serve d\u2019une demande au pr\u00e9alable.<\/p>\n\n\n\n<p>Un droit de portabilit\u00e9 de vos donn\u00e9es sous r\u00e9serve d\u2019une demande au pr\u00e9alable.<\/p>\n\n\n\n<p>Un droit d\u2019opposition de l\u2019utilisation de vos donn\u00e9es sous r\u00e9serve d\u2019une demande au pr\u00e9alable.<\/p>\n\n\n\n<p>Droit de directive apr\u00e8s d\u00e9c\u00e8s, de vos donn\u00e9es sous r\u00e9serve d\u2019une demande au pr\u00e9alable.<\/p>\n\n\n\n<p>Vos droits peuvent \u00eatre mis en \u0153uvre en nous contactant en utilisant les informations dans le chapitre \u201c contact&nbsp;\u201c.<\/p>\n\n\n\n<p><\/p>\n\n\n\n<p><\/p>\n\n\n\n<p class=\"has-large-font-size\">9 Vos obligations<\/p>\n\n\n\n<p>Pour utiliser l\u2019application mobile Harmonie Bike vous devez accepter les conditions g\u00e9n\u00e9rales de vente lors de l\u2019inscription et consentir \u00e0 la politique de confidentialit\u00e9. Cela en fournissant les informations demand\u00e9es et en donnant votre consentement a Harmonie Bike de r\u00e9colter les donn\u00e9es n\u00e9cessaires\u00e0 la pleine utilisation de l\u2019application, vous garantissant une exp\u00e9rience compl\u00e8te et sereine.<\/p>\n\n\n\n<p><\/p>\n\n\n\n<p><\/p>\n\n\n\n<p class=\"has-large-font-size\">10 R\u00e8gles de confidentialit\u00e9 de l\u2019h\u00e9bergeur <\/p>\n\n\n\n<p>Lien d\u2019acc\u00e8s&nbsp;: https:\/\/policies.google.com\/privacy?hl=fr<\/p>\n\n\n\n<p><\/p>\n\n\n\n<p><\/p>\n\n\n\n<p class=\"has-large-font-size\">11 Mise \u00e0 jour de la politique de confidentialit\u00e9<\/p>\n\n\n\n<p>Toute mise \u00e0 jour de la politique de confidentialit\u00e9 vous sera inform\u00e9e par mail<\/p>\n\n\n\n<p><\/p>\n\n\n\n<p><\/p>\n\n\n\n<p class=\"has-large-font-size\">12 Contact<\/p>\n\n\n\n<p>Pour toute demande ou autre besoin n\u2019h\u00e9sitez pas \u00e0 nous contacter \u00e0 l\u2019adresse suivante&nbsp;:<\/p>\n\n\n\n<p>Hb.contacts01@gmail.com<\/p>\n","protected":false},"excerpt":{"rendered":"<p>Politique de confidentialit\u00e9 Mise \u00e0 jour 17\/06\/2024 1 Coordonn\u00e9es de la soci\u00e9t\u00e9 SAS Harmonie Bike 14 rue Fran\u00e7aise 91430 Vauhallan France Siret&nbsp;: 914646104 Repr\u00e9sententl\u00e9gal&nbsp;: J\u00e9r\u00e9my Sainte Cluque La soci\u00e9t\u00e9 Harmonie Bike assume pleinement la responsabilit\u00e9 de la gestion de vos donn\u00e9es, et s\u2019engage \u00e0 garantir la s\u00e9curisation optimale. 2 Base l\u00e9gale de la collecte des [&hellip;]<\/p>\n","protected":false},"author":1,"featured_media":0,"parent":0,"menu_order":0,"comment_status":"closed","ping_status":"closed","template":"","meta":{"footnotes":""},"class_list":["post-6","page","type-page","status-publish","hentry"],"_links":{"self":[{"href":"https:\/\/www.harmoniebike.com\/index.php\/wp-json\/wp\/v2\/pages\/6","targetHints":{"allow":["GET"]}}],"collection":[{"href":"https:\/\/www.harmoniebike.com\/index.php\/wp-json\/wp\/v2\/pages"}],"about":[{"href":"https:\/\/www.harmoniebike.com\/index.php\/wp-json\/wp\/v2\/types\/page"}],"author":[{"embeddable":true,"href":"https:\/\/www.harmoniebike.com\/index.php\/wp-json\/wp\/v2\/users\/1"}],"replies":[{"embeddable":true,"href":"https:\/\/www.harmoniebike.com\/index.php\/wp-json\/wp\/v2\/comments?post=6"}],"version-history":[{"count":4,"href":"https:\/\/www.harmoniebike.com\/index.php\/wp-json\/wp\/v2\/pages\/6\/revisions"}],"predecessor-version":[{"id":39,"href":"https:\/\/www.harmoniebike.com\/index.php\/wp-json\/wp\/v2\/pages\/6\/revisions\/39"}],"wp:attachment":[{"href":"https:\/\/www.harmoniebike.com\/index.php\/wp-json\/wp\/v2\/media?parent=6"}],"curies":[{"name":"wp","href":"https:\/\/api.w.org\/{rel}","templated":true}]}}