{"id":9,"date":"2024-06-03T15:19:13","date_gmt":"2024-06-03T13:19:13","guid":{"rendered":"http:\/\/www.harmoniebike.com\/?page_id=9"},"modified":"2024-06-18T23:53:46","modified_gmt":"2024-06-18T21:53:46","slug":"mention-legales","status":"publish","type":"page","link":"https:\/\/www.harmoniebike.com\/index.php\/mention-legales\/","title":{"rendered":"Mention l\u00e9gales"},"content":{"rendered":"\n<p><\/p>\n\n\n\n<p class=\"has-text-align-center has-large-font-size\">MENTIONS L\u00c9GALES<\/p>\n\n\n\n<p><br>En vigueur au 03\/06\/2024<br>Conform\u00e9ment aux dispositions des Articles 6-III et 19 de la Loi n\u00b02004-575 du 21 juin 2004 pour la Confiance dans l\u2019\u00e9conomie num\u00e9rique, dite L.C.E.N., il est port\u00e9 \u00e0 la connaissance des utilisateurs et visiteurs, ci-apr\u00e8s l&#8221;&#8221;Utilisateur&#8221;, du site www.harmoniebike.com , ci-apr\u00e8s le www.harmoniebike.com, les pr\u00e9sentes mentions l\u00e9gales.<br>La connexion et la navigation sur le Site par l\u2019Utilisateur implique acceptation int\u00e9grale et sans<br>r\u00e9serve des pr\u00e9sentes mentions l\u00e9gales.<br>Ces derni\u00e8res sont accessibles sur le Site \u00e0 la rubrique \u00ab Mentions l\u00e9gales \u00bb.<\/p>\n\n\n\n<p><br>ARTICLE 1 &#8211; L&#8217;EDITEUR<br>L&#8217;\u00e9dition du Site est assur\u00e9e par Harmonie Bike sas au capital de 1000 euros, immatricul\u00e9e au<br>Registre du Commerce et des Soci\u00e9t\u00e9s de VAUHALLAN sous le num\u00e9ro 914646104 dont le si\u00e8ge<br>social est situ\u00e9 au 14 rue fran\u00e7aise,<br>Num\u00e9ro de t\u00e9l\u00e9phone <strong><em><strong><em>___<\/em><\/strong><\/em><\/strong>,<br>Adresse e-mail : hb.contacts01@gmail.com.<br>N\u00b0 de TVA intracommunautaire : <strong><em><strong><em>___<\/em><\/strong><\/em><\/strong><br>Le Directeur de la publication est J.Sainte Cluque.<\/p>\n\n\n\n<p><br>ARTICLE 2 &#8211; L&#8217;HEBERGEUR<br>L&#8217;h\u00e9bergeur du Site est la soci\u00e9t\u00e9 ovh, dont le si\u00e8ge social est situ\u00e9 au 2 rue Kellermann, 59100<br>Roubaix , avec le num\u00e9ro de t\u00e9l\u00e9phone : 1007 + adresse mail de contact<br>ARTICLE 3 &#8211; ACCES AU SITE<br>Le Site est accessible en tout endroit, 7j\/7, 24h\/24 sauf cas de force majeure, interruption<br>programm\u00e9e ou non et pouvant d\u00e9coulant d\u2019une n\u00e9cessit\u00e9 de maintenance.<br>En cas de modification, interruption ou suspension du Site, l&#8217;Editeur ne saurait \u00eatre tenu responsable.<\/p>\n\n\n\n<p><br>ARTICLE 4 &#8211; COLLECTE DES DONNEES<br>Le site est exempt\u00e9 de d\u00e9claration \u00e0 la Commission Nationale Informatique et Libert\u00e9s (CNIL) dans la<br>mesure o\u00f9 il ne collecte aucune donn\u00e9e concernant les utilisateurs.<br>Toute utilisation, reproduction, diffusion, commercialisation, modification de toute ou partie du Site,<br>sans autorisation de l\u2019Editeur est prohib\u00e9e et pourra entra\u00eener des actions et poursuites judiciaires<br>telles que notamment pr\u00e9vues par le Code de la propri\u00e9t\u00e9 intellectuelle et le Code civil.<br><\/p>\n","protected":false},"excerpt":{"rendered":"<p>MENTIONS L\u00c9GALES En vigueur au 03\/06\/2024Conform\u00e9ment aux dispositions des Articles 6-III et 19 de la Loi n\u00b02004-575 du 21 juin 2004 pour la Confiance dans l\u2019\u00e9conomie num\u00e9rique, dite L.C.E.N., il est port\u00e9 \u00e0 la connaissance des utilisateurs et visiteurs, ci-apr\u00e8s l&#8221;&#8221;Utilisateur&#8221;, du site www.harmoniebike.com , ci-apr\u00e8s le www.harmoniebike.com, les pr\u00e9sentes mentions l\u00e9gales.La connexion et la [&hellip;]<\/p>\n","protected":false},"author":1,"featured_media":0,"parent":0,"menu_order":0,"comment_status":"closed","ping_status":"closed","template":"","meta":{"footnotes":""},"class_list":["post-9","page","type-page","status-publish","hentry"],"_links":{"self":[{"href":"https:\/\/www.harmoniebike.com\/index.php\/wp-json\/wp\/v2\/pages\/9","targetHints":{"allow":["GET"]}}],"collection":[{"href":"https:\/\/www.harmoniebike.com\/index.php\/wp-json\/wp\/v2\/pages"}],"about":[{"href":"https:\/\/www.harmoniebike.com\/index.php\/wp-json\/wp\/v2\/types\/page"}],"author":[{"embeddable":true,"href":"https:\/\/www.harmoniebike.com\/index.php\/wp-json\/wp\/v2\/users\/1"}],"replies":[{"embeddable":true,"href":"https:\/\/www.harmoniebike.com\/index.php\/wp-json\/wp\/v2\/comments?post=9"}],"version-history":[{"count":4,"href":"https:\/\/www.harmoniebike.com\/index.php\/wp-json\/wp\/v2\/pages\/9\/revisions"}],"predecessor-version":[{"id":40,"href":"https:\/\/www.harmoniebike.com\/index.php\/wp-json\/wp\/v2\/pages\/9\/revisions\/40"}],"wp:attachment":[{"href":"https:\/\/www.harmoniebike.com\/index.php\/wp-json\/wp\/v2\/media?parent=9"}],"curies":[{"name":"wp","href":"https:\/\/api.w.org\/{rel}","templated":true}]}}